{"id":1407,"date":"2021-09-01T12:13:22","date_gmt":"2021-09-01T10:13:22","guid":{"rendered":"https:\/\/www.mocdekoracji.pl\/?page_id=1407"},"modified":"2025-09-22T19:27:19","modified_gmt":"2025-09-22T17:27:19","slug":"cennik","status":"publish","type":"page","link":"https:\/\/www.mocdekoracji.pl\/en\/cennik\/","title":{"rendered":"Price list"},"content":{"rendered":"<section class=\"wpb_row vc_row-fluid\"><div class=\"container\"><div class=\"row\"><div class=\"wpb_column vc_column_container vc_col-sm-12\"><div class=\"vc_column-inner vc_custom_1630056260133\"><div class=\"wpb_wrapper\">\n\t<div class=\"wpb_text_column wpb_content_element\" >\n\t\t<div class=\"wpb_wrapper\">\n\t\t\t<h1 style=\"text-align: center;\">CENNIK<\/h1>\n\n\t\t<\/div>\n\t<\/div>\n\n\t<div class=\"wpb_text_column wpb_content_element\" >\n\t\t<div class=\"wpb_wrapper\">\n\t\t\t<h3 style=\"text-align: center;\">Price list for handicrafts<\/h3>\n\n\t\t<\/div>\n\t<\/div>\n<\/div><\/div><\/div><\/div><\/div><\/section><section class=\"wpb_row vc_row-fluid\"><div class=\"container\"><div class=\"row\"><div class=\"wpb_column vc_column_container vc_col-sm-12\"><div class=\"vc_column-inner\"><div class=\"wpb_wrapper\">\n\t<div class=\"wpb_text_column wpb_content_element\" >\n\t\t<div class=\"wpb_wrapper\">\n\t\t\t<h3>STANDARD BAUBLES<\/h3>\n<p>A Christmas ball packed in a white cardboard box (a stand is attached to the 150 mm and 120 mm baubles).<\/p>\n<p>Bauble \u00d8 80mm \u2013 <strong><span class=\"marker\">29,00 pln<\/span><\/strong><br \/>\nBauble \u00d8 100mm \u2013 <strong><span class=\"marker\">39,00 pln<\/span><\/strong><span class=\"marker\"><br \/>\n<\/span>Bauble \u00d8 120mm \u2013 <strong><span class=\"marker\">59,00 pln<\/span><br \/>\n<\/strong>Bauble\u00d8 150mm \u2013 <strong><span class=\"marker\">94,00 pln<\/span><\/strong><strong><span class=\"marker\"><br \/>\n<\/span><\/strong><\/p>\n<p>Bauble \u00d8 80mm (5pcs.) \u2013 <strong><span class=\"marker\">109,00 pln<\/span><\/strong><br \/>\nBauble \u00d8 80mm (6pcs.) \u2013 <strong><span class=\"marker\">139,00 pln<\/span><\/strong><br \/>\nBauble \u00d8 80mm (8pcs.) \u2013 <strong><span class=\"marker\">209,00 pln<\/span><\/strong><br \/>\nBauble \u00d8 100mm (4pcs.) \u2013 <strong><span class=\"marker\">119,00 pln<\/span><\/strong><br \/>\nBauble \u00d8 100mm (5pcs.) \u2013 <strong><span class=\"marker\">159,00 pln<\/span><\/strong><br \/>\nBauble \u00d8 120mm (4pcs.) \u2013 <strong><span class=\"marker\">209,00 pln<\/span><\/strong><\/p>\n<p><strong><span class=\"marker\">The price of baubles with the logo is determined individually.<\/span><\/strong><\/p>\n\n\t\t<\/div>\n\t<\/div>\n\n\t<div class=\"wpb_text_column wpb_content_element\" >\n\t\t<div class=\"wpb_wrapper\">\n\t\t\t<h3>PREMIUM BAUBLES<\/h3>\n<p>A Christmas ball with a stand packed in an elegant, velor box with a bow<\/p>\n<p>Bauble \u00d8 80mm \u2013 <strong><span class=\"marker\">59,00 pln<\/span><\/strong><br \/>\nBauble \u00d8 100mm \u2013 <strong><span class=\"marker\">69,00 pln<\/span><\/strong><span class=\"marker\"><br \/>\n<\/span>Bauble \u00d8 120mm \u2013 <strong><span class=\"marker\">99,00 pln<\/span><br \/>\n<\/strong>Bauble\u00d8 150mm \u2013 <strong><span class=\"marker\">149,00 pln<\/span><\/strong><\/p>\n<p>Baubles packed in an elegant square, velor box with a bow (there is a possibility of any configuration of baubles)<\/p>\n<p>Bauble \u00d8 80mm (5pcs.) \u2013 <strong><span class=\"marker\">149,00 pln<\/span><\/strong><br \/>\nBauble \u00d8 80mm (6pcs.) \u2013 <strong><span class=\"marker\">179,00 pln<\/span><\/strong><br \/>\nBauble \u00d8 80mm (8pcs.) \u2013 <strong><span class=\"marker\">239,00 pln<\/span><\/strong><br \/>\nBauble \u00d8 100mm (4pcs.) \u2013 <strong><span class=\"marker\">159,00 pln<\/span><\/strong><span class=\"marker\"><br \/>\n<\/span>Bauble \u00d8 100mm (5pcs.) \u2013 <strong><span class=\"marker\">199,00 pln<\/span><br \/>\n<\/strong>Bauble \u00d8 120mm (4pcs.) \u2013 <strong><span class=\"marker\">249,00 pln<\/span><\/strong><strong>\u00a0<\/strong><\/p>\n\n\t\t<\/div>\n\t<\/div>\n\n\t<div class=\"wpb_text_column wpb_content_element\" >\n\t\t<div class=\"wpb_wrapper\">\n\t\t\t<h3>EASTER EGGS<\/h3>\n<p>Chicken Easter egg  \u2013 <strong><span class=\"marker\">27,00 pln<\/span><br \/>\n<\/strong>Goose Easter egg - <strong><span class=\"marker\">39,00 pln<\/span><br \/>\n<\/strong>Ostrich Easter Egg \u2013 <strong><span class=\"marker\">170,00 pln<\/span><\/strong><\/p>\n\n\t\t<\/div>\n\t<\/div>\n\n\t<div class=\"wpb_text_column wpb_content_element\" >\n\t\t<div class=\"wpb_wrapper\">\n\t\t\t<h3>PORCELAIN<\/h3>\n<p>Prices of sample gift sets:<\/p>\n<p><strong>Gift basket 1<\/strong><br \/>\n- 70 ml cup, saucer, bauble \u2300 80 mm - <strong><span class=\"marker\">117,00 pln<\/span><\/strong><\/p>\n<p><strong>Gift basket 2<\/strong><br \/>\n- cup 150 ml, saucer, bauble \u2300 80 mm -<strong><span class=\"marker\"> 137,00 pln<\/span><\/strong><\/p>\n<p><strong>Gift basket 3<\/strong><br \/>\n- cup 200 ml, saucer, bauble \u2300 80 mm - <strong><span class=\"marker\">167,00 pln<\/span><\/strong><\/p>\n<p><strong>Gift basket 4<\/strong><br \/>\n- 290 ml cup, saucer, bauble \u2300 80 mm - <strong><span class=\"marker\">187,00 pln<\/span><\/strong><\/p>\n<p><strong>Gift basket 5<\/strong><br \/>\n- 300 ml cup, saucer, bauble \u2300 80 mm - <strong><span class=\"marker\">197,00 pln<\/span><\/strong><\/p>\n<p><strong>Gift basket 6<\/strong><br \/>\n- 2 x 70 ml cup, 2 x saucer, 2 x bauble 80 mm - <strong><span class=\"marker\">197,00 pln<\/span><\/strong><\/p>\n<p><strong>Gift basket 7<\/strong><br \/>\n- 2 x cup 150 ml, 2 x saucer, 2 x bauble 80 mm - <strong><span class=\"marker\">247,00 pln<\/span><\/strong><\/p>\n<p><strong>Gift basket 8<\/strong><br \/>\n- 2 x cup 200 ml, 2 x saucer, 2 x bauble \u2300 80 mm - <strong><span class=\"marker\">297,00 pln<\/span><\/strong><\/p>\n<p><strong>Gift basket 9<\/strong><br \/>\n- 2 x cup 290 ml, 2 x saucer, 2 x bauble \u2300 80 mm - <strong><span class=\"marker\">327,00 pln<\/span><\/strong><\/p>\n<p><strong>Gift basket 10<\/strong><br \/>\n- 2 x cup 300 ml, 2 x saucer, 2 x bauble 80 mm - <strong><span class=\"marker\">357,00 pln<\/span><\/strong><\/p>\n\n\t\t<\/div>\n\t<\/div>\n\n\t<div class=\"wpb_text_column wpb_content_element\" >\n\t\t<div class=\"wpb_wrapper\">\n\t\t\t<h3>WREATHS<\/h3>\n<p>The price of a reed depends on the size, type and amount of materials used - <strong><span class=\"marker\">\u00a0Individual pricing<br \/>\n<\/span><\/strong><\/p>\n\n\t\t<\/div>\n\t<\/div>\n\n\t<div class=\"wpb_text_column wpb_content_element\" >\n\t\t<div class=\"wpb_wrapper\">\n\t\t\t<h3>WORKSHOPS<\/h3>\n<p>Traditional Folk Handicraft Workshop - Traditional Christmas tree decorations <strong><span class=\"marker\">\u2013 39,00 pln \/ person<br \/>\n<\/span><\/strong>Artistic Handicraft Workshop - Decorating Christmas Balls <strong><span class=\"marker\">\u2013 39,00 pln \/ person<\/span><\/strong><br \/>\nPorcelain Decorating Workshop <strong><span class=\"marker\">\u2013 39,00 pln \/ person<\/span><\/strong><br \/>\nArtistic Handicraft Workshops - Ties for Grandfather's Day and Father's Day - <strong><span class=\"marker\">39,00 pln \/ person<\/span><\/strong><br \/>\nTraditional Folk Handicraft Workshops - Traditional batik eggs and Easter customs <strong><span class=\"marker\">\u2013 39,00 pln \/ person<\/span><\/strong><br \/>\nArtistic Handicraft Workshop - Batik Butterflies - <strong><span class=\"marker\">35,00 pln \/ os.<\/span><\/strong><strong><br \/>\n<\/strong>Artistic Handicraft Workshop - Creative Pompoms Keychains - <strong><span class=\"marker\">27,,00 pln \/ os.<\/span><\/strong><br \/>\nWorkshops for companies - <strong><span class=\"marker\">Individual pricing<\/span><\/strong><strong><br \/>\n<\/strong><\/p>\n\n\t\t<\/div>\n\t<\/div>\n\n\t<div class=\"wpb_text_column wpb_content_element\" >\n\t\t<div class=\"wpb_wrapper\">\n\t\t\t<h3>HEAD GARLAND<\/h3>\n<p><span class=\"marker\">Individual pricing<\/span>. The price of the wreath depends on the type and amount of materials used.<\/p>\n\n\t\t<\/div>\n\t<\/div>\n<\/div><\/div><\/div><\/div><\/div><\/section><section class=\"wpb_row vc_row-fluid\"><div class=\"container\"><div class=\"row\"><div class=\"wpb_column vc_column_container vc_col-sm-12\"><div class=\"vc_column-inner vc_custom_1630056260133\"><div class=\"wpb_wrapper\">\n\t<div class=\"wpb_text_column wpb_content_element\" >\n\t\t<div class=\"wpb_wrapper\">\n\t\t\t<h2 style=\"text-align: center;\">Zam\u00f3wienia<\/h2>\n\n\t\t<\/div>\n\t<\/div>\n\n\t<div class=\"wpb_text_column wpb_content_element\" >\n\t\t<div class=\"wpb_wrapper\">\n\t\t\t<p style=\"text-align: left;\">In order to place an order, please contact me by e-mail at the following address: <a href=\"mailto:mocdekoracji@gmail.com\">mocdekoracji@gmail.com<\/a> or by phone no <a href=\"callto:519495522\">519 495 522<\/a>. The order fulfillment time is about 3 business days, while ordering a larger quantity, the delivery time may change.<\/p>\n<p style=\"text-align: left;\">Shipment after estimating shipping costs and making a payment to the account. There is a possibility of personal collection after prior arrangement.<\/p>\n<h3>Bank transfer details:<\/h3>\n<p style=\"text-align: left;\"><strong>MOC DEKORACJI MAGDA RUTKOWSKA<\/strong><br \/>\nPKO BP <strong>55 1020 1042 0000 8202 0435 4601<\/strong><\/p>\n\n\t\t<\/div>\n\t<\/div>\n<\/div><\/div><\/div><\/div><\/div><\/section>","protected":false},"excerpt":{"rendered":"CENNIK Cennik na wykonywane r\u0119kodzie\u0142a BOMBKI STANDARD Bombka zapakowana w bia\u0142e kartonowe pude\u0142ko (do bombek w rozmiarze 150 mm oraz 120 mm do\u0142\u0105czany jest stojak). Bombka \u00d8 80mm - 29,00 pln Bombka \u00d8 100mm - 39,00 pln Bombka \u00d8 120mm - 59,00 pln Bombka \u00d8 150mm - 94,00 pln Bombka \u00d8 80mm (5szt.) - 109,00 [...]","protected":false},"author":1,"featured_media":0,"parent":0,"menu_order":0,"comment_status":"closed","ping_status":"closed","template":"","meta":{"footnotes":""},"yoast_head":"<!-- This site is optimized with the Yoast SEO plugin v22.7 - https:\/\/yoast.com\/wordpress\/plugins\/seo\/ -->\n<title>Cennik - Moc Dekoracji<\/title>\n<meta name=\"robots\" content=\"index, follow, max-snippet:-1, max-image-preview:large, max-video-preview:-1\" \/>\n<link rel=\"canonical\" href=\"https:\/\/www.mocdekoracji.pl\/en\/cennik\/\" \/>\n<meta property=\"og:locale\" content=\"en_GB\" \/>\n<meta property=\"og:type\" content=\"article\" \/>\n<meta property=\"og:title\" content=\"Cennik - Moc Dekoracji\" \/>\n<meta property=\"og:url\" content=\"https:\/\/www.mocdekoracji.pl\/en\/cennik\/\" \/>\n<meta property=\"og:site_name\" content=\"Moc Dekoracji\" \/>\n<meta property=\"article:modified_time\" content=\"2025-09-22T17:27:19+00:00\" \/>\n<meta name=\"twitter:card\" content=\"summary_large_image\" \/>\n<meta name=\"twitter:label1\" content=\"Estimated reading time\" \/>\n\t<meta name=\"twitter:data1\" content=\"4 minutes\" \/>\n<script type=\"application\/ld+json\" class=\"yoast-schema-graph\">{\"@context\":\"https:\/\/schema.org\",\"@graph\":[{\"@type\":\"WebPage\",\"@id\":\"https:\/\/www.mocdekoracji.pl\/cennik\/\",\"url\":\"https:\/\/www.mocdekoracji.pl\/cennik\/\",\"name\":\"Cennik - Moc Dekoracji\",\"isPartOf\":{\"@id\":\"https:\/\/www.mocdekoracji.pl\/#website\"},\"datePublished\":\"2021-09-01T10:13:22+00:00\",\"dateModified\":\"2025-09-22T17:27:19+00:00\",\"breadcrumb\":{\"@id\":\"https:\/\/www.mocdekoracji.pl\/cennik\/#breadcrumb\"},\"inLanguage\":\"en-GB\",\"potentialAction\":[{\"@type\":\"ReadAction\",\"target\":[\"https:\/\/www.mocdekoracji.pl\/cennik\/\"]}]},{\"@type\":\"BreadcrumbList\",\"@id\":\"https:\/\/www.mocdekoracji.pl\/cennik\/#breadcrumb\",\"itemListElement\":[{\"@type\":\"ListItem\",\"position\":1,\"name\":\"Strona g\u0142\u00f3wna\",\"item\":\"https:\/\/www.mocdekoracji.pl\/\"},{\"@type\":\"ListItem\",\"position\":2,\"name\":\"Cennik\"}]},{\"@type\":\"WebSite\",\"@id\":\"https:\/\/www.mocdekoracji.pl\/#website\",\"url\":\"https:\/\/www.mocdekoracji.pl\/\",\"name\":\"Moc Dekoracji\",\"description\":\"by Magda Rutkowska - R\u0119kodzie\u0142a tworzone z pokolenia na pokolenie!\",\"potentialAction\":[{\"@type\":\"SearchAction\",\"target\":{\"@type\":\"EntryPoint\",\"urlTemplate\":\"https:\/\/www.mocdekoracji.pl\/?s={search_term_string}\"},\"query-input\":\"required name=search_term_string\"}],\"inLanguage\":\"en-GB\"}]}<\/script>\n<!-- \/ Yoast SEO plugin. -->","yoast_head_json":{"title":"Cennik - Moc Dekoracji","robots":{"index":"index","follow":"follow","max-snippet":"max-snippet:-1","max-image-preview":"max-image-preview:large","max-video-preview":"max-video-preview:-1"},"canonical":"https:\/\/www.mocdekoracji.pl\/en\/cennik\/","og_locale":"en_GB","og_type":"article","og_title":"Cennik - Moc Dekoracji","og_url":"https:\/\/www.mocdekoracji.pl\/en\/cennik\/","og_site_name":"Moc Dekoracji","article_modified_time":"2025-09-22T17:27:19+00:00","twitter_card":"summary_large_image","twitter_misc":{"Estimated reading time":"4 minutes"},"schema":{"@context":"https:\/\/schema.org","@graph":[{"@type":"WebPage","@id":"https:\/\/www.mocdekoracji.pl\/cennik\/","url":"https:\/\/www.mocdekoracji.pl\/cennik\/","name":"Cennik - Moc Dekoracji","isPartOf":{"@id":"https:\/\/www.mocdekoracji.pl\/#website"},"datePublished":"2021-09-01T10:13:22+00:00","dateModified":"2025-09-22T17:27:19+00:00","breadcrumb":{"@id":"https:\/\/www.mocdekoracji.pl\/cennik\/#breadcrumb"},"inLanguage":"en-GB","potentialAction":[{"@type":"ReadAction","target":["https:\/\/www.mocdekoracji.pl\/cennik\/"]}]},{"@type":"BreadcrumbList","@id":"https:\/\/www.mocdekoracji.pl\/cennik\/#breadcrumb","itemListElement":[{"@type":"ListItem","position":1,"name":"Strona g\u0142\u00f3wna","item":"https:\/\/www.mocdekoracji.pl\/"},{"@type":"ListItem","position":2,"name":"Cennik"}]},{"@type":"WebSite","@id":"https:\/\/www.mocdekoracji.pl\/#website","url":"https:\/\/www.mocdekoracji.pl\/","name":"Moc Dekoracji","description":"by Magda Rutkowska - R\u0119kodzie\u0142a tworzone z pokolenia na pokolenie!","potentialAction":[{"@type":"SearchAction","target":{"@type":"EntryPoint","urlTemplate":"https:\/\/www.mocdekoracji.pl\/?s={search_term_string}"},"query-input":"required name=search_term_string"}],"inLanguage":"en-GB"}]}},"_links":{"self":[{"href":"https:\/\/www.mocdekoracji.pl\/en\/wp-json\/wp\/v2\/pages\/1407"}],"collection":[{"href":"https:\/\/www.mocdekoracji.pl\/en\/wp-json\/wp\/v2\/pages"}],"about":[{"href":"https:\/\/www.mocdekoracji.pl\/en\/wp-json\/wp\/v2\/types\/page"}],"author":[{"embeddable":true,"href":"https:\/\/www.mocdekoracji.pl\/en\/wp-json\/wp\/v2\/users\/1"}],"replies":[{"embeddable":true,"href":"https:\/\/www.mocdekoracji.pl\/en\/wp-json\/wp\/v2\/comments?post=1407"}],"version-history":[{"count":34,"href":"https:\/\/www.mocdekoracji.pl\/en\/wp-json\/wp\/v2\/pages\/1407\/revisions"}],"predecessor-version":[{"id":2407,"href":"https:\/\/www.mocdekoracji.pl\/en\/wp-json\/wp\/v2\/pages\/1407\/revisions\/2407"}],"wp:attachment":[{"href":"https:\/\/www.mocdekoracji.pl\/en\/wp-json\/wp\/v2\/media?parent=1407"}],"curies":[{"name":"wp","href":"https:\/\/api.w.org\/{rel}","templated":true}]}}